{"id":3,"date":"2020-05-04T18:00:04","date_gmt":"2020-05-04T18:00:04","guid":{"rendered":"https:\/\/lasallebilbao.com\/ropadeportiva\/?page_id=3"},"modified":"2020-05-05T09:50:46","modified_gmt":"2020-05-05T09:50:46","slug":"politica-privacidad","status":"publish","type":"page","link":"https:\/\/lasallebilbao.com\/ropadeportiva\/politica-privacidad\/","title":{"rendered":"Pol\u00edtica de privacidad"},"content":{"rendered":"\n<h4 class=\"wp-block-heading\">1. DATOS DEL RESPONSABLE DEL TRATAMIENTO DE LOS DATOS<\/h4>\n\n\n\n<p><strong>Nombre entidad: CLUB DEPORTIVO LA SALLE BILBAO (en adelante, EL CLUB)<br>Direcci\u00f3n: Avda. Madariaga, 69, 48014, Bilbao<br>Tel\u00e9fono: 944470950<br>Correo electr\u00f3nico:&nbsp;<\/strong>ipecharroman@lasallebilbao.com<\/p>\n\n\n\n<h4 class=\"wp-block-heading\">2. TRATAMIENTOS DE DATOS RECABADOS A TRAV\u00c9S DE LA P\u00c1GINA WEB<\/h4>\n\n\n\n<p>Los datos que&nbsp;<strong>EL CLUB<\/strong>&nbsp;pueda recopilar por el uso, navegaci\u00f3n de la p\u00e1gina web, a trav\u00e9s de nuestros formularios, v\u00eda email o con motivo de la relaci\u00f3n contractual que le une con&nbsp;<strong>EL CLUB<\/strong>&nbsp;son datos de car\u00e1cter personal. A la hora de cumplimentar cada uno de los formularios presentes en nuestra p\u00e1gina web existir\u00e1n una serie de datos obligatorios, cuyos campos se encuentran marcados con el s\u00edmbolo *. En el caso de no rellenar tales campos, no se podr\u00e1n llevar a cabo las finalidades descritas de cada uno de los formularios. En algunas ocasiones, le informamos de que por el simple uso y navegaci\u00f3n en nuestra P\u00e1gina web,&nbsp;<strong>EL CLUB<\/strong>&nbsp;almacenar\u00e1 datos relativos a:<\/p>\n\n\n\n<ul class=\"wp-block-list\"><li>&#8211;&nbsp;&nbsp;Direcci\u00f3n IP<\/li><li>&#8211;&nbsp;&nbsp;Versi\u00f3n del navegador<\/li><li>&#8211;&nbsp;&nbsp;Sistema operativo<\/li><li>&#8211;&nbsp;&nbsp;Duraci\u00f3n de la visita o navegaci\u00f3n por la P\u00e1gina web<\/li><\/ul>\n\n\n\n<p>Tal informaci\u00f3n puede almacenarse mediante Google Analytics, por lo que nos remitimos a la Pol\u00edtica de Privacidad de Google, ya que \u00e9ste recaba y trata tal informaci\u00f3n.<br>Del mismo modo, en la P\u00e1gina Web se facilita la utilidad de Google Maps, la cual puede tener acceso a tu ubicaci\u00f3n, en el supuesto de que se lo permitas, con el fin de facilitarte una mayor especificidad sobre la distancia y\/o caminos nuestras sedes. A este respecto, nos remitimos a la Pol\u00edtica de Privacidad utilizada por Google Maps, con el fin de conocer el uso y tratamiento de tales datos.<\/p>\n\n\n\n<p><strong>EL CLUB<\/strong>&nbsp;se reserva el derecho a modificar o adaptar la presente Pol\u00edtica de Privacidad en todo momento. Por lo tanto, le recomendamos que revise la misma cada vez que acceda a la P\u00e1gina Web.<strong>1. Formularios de contacto.<\/strong><\/p>\n\n\n\n<ol class=\"wp-block-list\"><li>Finalidad.&nbsp;La finalidad del presente formulario es dar contestaci\u00f3n a su solicitud de informaci\u00f3n realizada a trav\u00e9s de los formularios de contacto.<\/li><li>Legitimaci\u00f3n.&nbsp;El consentimiento del interesado.<\/li><li>Destinarios.&nbsp;Los destinatarios de sus datos ser\u00e1n los distintos departamentos del&nbsp;<strong>Club<\/strong>, as\u00ed como los terceros a los que cedamos sus datos, conforme a lo dispuesto en la normativa vigente en materia de protecci\u00f3n de datos.<\/li><\/ol>\n\n\n\n<p><strong>2. Formularios de inscripci\u00f3n campus.<\/strong><\/p>\n\n\n\n<ol class=\"wp-block-list\"><li>Finalidad.&nbsp;La finalidad del presente formulario es gestionar su solicitud de inscripci\u00f3n al campus con el&nbsp;<strong>CLUB<\/strong>.<\/li><li>Legitimaci\u00f3n.&nbsp;El consentimiento del interesado a trav\u00e9s de su solicitud web.<\/li><li>Destinatarios.&nbsp;Los destinatarios de sus datos ser\u00e1n los distintos departamentos del CLUB, la Sociedad Deportiva de Deusto, as\u00ed como los terceros a los que cedamos sus datos, conforme a lo dispuesto en la normativa vigente en materia de protecci\u00f3n de datos.<\/li><\/ol>\n\n\n\n<p><strong>3. Formularios de inscripci\u00f3n socios.<\/strong><\/p>\n\n\n\n<ol class=\"wp-block-list\"><li>Finalidad.&nbsp;La finalidad del presente formulario es gestionar su solicitud de inscripci\u00f3n de socio con el&nbsp;<strong>CLUB<\/strong>.<\/li><li>Legitimaci\u00f3n.&nbsp;El consentimiento del interesado a trav\u00e9s de su solicitud web.<\/li><li>Destinatarios.&nbsp;Los destinatarios de sus datos ser\u00e1n los distintos departamentos del Club, as\u00ed como los terceros a los que cedamos sus datos, conforme a lo dispuesto en la normativa vigente en materia de protecci\u00f3n de datos.<\/li><\/ol>\n\n\n\n<p><strong>4. Informaci\u00f3n facilitada a trav\u00e9s de los correos electr\u00f3nicos puestos a disposici\u00f3n en la web.<\/strong><\/p>\n\n\n\n<ol class=\"wp-block-list\"><li>Finalidad.&nbsp;Darle contestaci\u00f3n a su solicitud de informaci\u00f3n.<\/li><li>Legitimaci\u00f3n.&nbsp;El consentimiento otorgado por usted en el momento que nos env\u00eda la solicitud v\u00eda email.<\/li><li>Destinatarios.&nbsp;Los destinatarios de sus datos ser\u00e1n los distintos departamentos del Club, as\u00ed como los terceros a los que cedamos sus datos, conforme a lo dispuesto en la normativa vigente en materia de protecci\u00f3n de datos.<\/li><\/ol>\n\n\n\n<p><strong>5. Candidaturas espont\u00e1neas.<\/strong><\/p>\n\n\n\n<ol class=\"wp-block-list\"><li>Finalidad.&nbsp;Hacerle part\u00edcipe de los procesos de selecci\u00f3n de personal que se realicen por&nbsp;<strong>EL CLUB<\/strong>.<\/li><li>Legitimaci\u00f3n.&nbsp;El consentimiento otorgado por el interesado que nos confiere en virtud de su candidatura espont\u00e1nea.<\/li><li>Destinatarios.&nbsp;Los destinatarios de sus datos ser\u00e1n los distintos departamentos del Club, as\u00ed como los terceros a los que cedamos sus datos, conforme a lo dispuesto en la normativa vigente en materia de protecci\u00f3n de datos.<\/li><\/ol>\n\n\n\n<p><strong>6. Env\u00edo y suscripci\u00f3n de Newsletter.<\/strong><\/p>\n\n\n\n<ol class=\"wp-block-list\"><li>Finalidad.Gestionar el env\u00edo de la Newsletter del&nbsp;<strong>CLUB<\/strong>&nbsp;a los usuarios que se suscriban a los mismos.<\/li><li>Legitimaci\u00f3n.&nbsp;El consentimiento de los interesados que se suscriban en este servicio marcando la casilla destinada a tal efecto.<\/li><li>Destinatarios.&nbsp;Los destinatarios de sus datos ser\u00e1n los distintos departamentos del&nbsp;<strong>CLUB<\/strong>, as\u00ed como los terceros a los que cedamos sus datos, conforme a lo dispuesto en la normativa vigente en materia de protecci\u00f3n de datos.<\/li><\/ol>\n\n\n\n<p><strong>7. Solicitud de ropa deportiva.<\/strong><\/p>\n\n\n\n<ol class=\"wp-block-list\"><li>Finalidad.Gestionar la solicitud de las prendas de ropa deportiva seleccionadas.<\/li><li>Legitimaci\u00f3n.&nbsp;El consentimiento del interesado que soliciten cualquiera de las prendas que se ofrecen en la web del&nbsp;<strong>CLUB<\/strong>.<\/li><li>Destinatarios.&nbsp;Los destinatarios de sus datos ser\u00e1n los distintos departamentos del&nbsp;<strong>CLUB<\/strong>, as\u00ed como los terceros a los que cedamos sus datos, conforme a lo dispuesto en la normativa vigente en materia de protecci\u00f3n de datos.<\/li><\/ol>\n\n\n\n<p><strong>8. Parte de incidencias de instalaciones deportivas.<\/strong><\/p>\n\n\n\n<ol class=\"wp-block-list\"><li>Finalidad.&nbsp;Atender los partes incidencias recibidas referentes al polideportivo, campos exteriores, vestuarios, u otros puntos del polideportivo, con el fin de valorar su mejora.<\/li><li>Legitimaci\u00f3n.&nbsp;El consentimiento del interesado.<\/li><li>Destinatarios.&nbsp;Los destinatarios de sus datos ser\u00e1n los distintos departamentos del&nbsp;<strong>CLUB<\/strong>, as\u00ed como los terceros a los que cedamos sus datos, conforme a lo dispuesto en la normativa vigente en materia de protecci\u00f3n de datos.<\/li><\/ol>\n\n\n\n<h4 class=\"wp-block-heading\">3. OTROS TRATAMIENTOS DE DATOS<\/h4>\n\n\n\n<p>1. Exclusivo para contactos profesionales.<\/p>\n\n\n\n<ol class=\"wp-block-list\"><li>Finalidad.&nbsp;En&nbsp;<strong>EL CLUB<\/strong>&nbsp;tratamos sus datos personales con la finalidad de mantener la relaci\u00f3n profesional que entre ambos tenemos.<\/li><li>Legitimaci\u00f3n.&nbsp;El inter\u00e9s leg\u00edtimo perseguido por el responsable del tratamiento, para mantener relaciones de cualquier \u00edndole con la persona jur\u00eddica en la que el afectado preste sus servicios, siempre que no prevalezcan el inter\u00e9s o los derechos y libertades fundamentales del interesado.<\/li><li>Destinatarios.&nbsp;Los destinatarios de sus datos ser\u00e1n los distintos departamentos del&nbsp;<strong>CLUB<\/strong>, as\u00ed como los terceros a los que cedamos sus datos, conforme a lo dispuesto en la normativa vigente en materia de protecci\u00f3n de datos.<\/li><\/ol>\n\n\n\n<p>2. Exclusivo para contactos a trav\u00e9s de redes sociales<\/p>\n\n\n\n<ol class=\"wp-block-list\"><li>Finalidad.&nbsp;En&nbsp;<strong>EL CLUB<\/strong>&nbsp;tratamos sus datos personales con las siguientes finalidades:<br>&#8211;&nbsp;&nbsp;Contestar a consultas, solicitudes o peticiones.<br>&#8211;&nbsp;&nbsp;Gestionar el servicio solicitado, contestar a la solicitud, o tramitar una petici\u00f3n.<br>&#8211;&nbsp;&nbsp;Establecer una relaci\u00f3n usuario-responsable, y crear una comunidad de seguidores.<\/li><li>Legitimaci\u00f3n.&nbsp;El inter\u00e9s leg\u00edtimo del responsable del tratamiento, as\u00ed como la aceptaci\u00f3n de una relaci\u00f3n contractual en el entorno de la red social que corresponda.<\/li><li>Destinatarios.&nbsp;Los destinatarios de sus datos ser\u00e1n los distintos departamentos del&nbsp;<strong>CLUB<\/strong>, as\u00ed como los terceros a los que cedamos sus datos, conforme a lo dispuesto en la normativa vigente en materia de protecci\u00f3n de datos. No obstante, recomendamos la revisi\u00f3n de la pol\u00edtica de privacidad de las redes sociales que principalmente utilizamos ya que las redes sociales, al ser norteamericanas, pueden transferir datos a Estados Unidos.<\/li><\/ol>\n\n\n\n<p>3. Exclusivo Tratamiento de im\u00e1genes de c\u00e1maras de videovigilancia.<\/p>\n\n\n\n<ol class=\"wp-block-list\"><li>Finalidad.&nbsp;Nuestras instalaciones est\u00e1n dotadas de sistemas de videovigilancia permanentes por razones de seguridad.<\/li><li>Legitimaci\u00f3n.&nbsp;El inter\u00e9s leg\u00edtimo perseguido es elinter\u00e9s p\u00fablico perseguido por el&nbsp;<strong>CLUB<\/strong>, para la seguridad de sus instalaciones, siempre que no prevalezca el inter\u00e9s o los derechos y libertades fundamentales del interesado.<\/li><li>Destinatarios.&nbsp;Los destinatarios de sus datos ser\u00e1n los distintos departamentos del&nbsp;<strong>CLUB<\/strong>, as\u00ed como los terceros a los que cedamos sus datos, conforme a lo dispuesto en la normativa vigente en materia de protecci\u00f3n de datos.<\/li><\/ol>\n\n\n\n<h4 class=\"wp-block-heading\">4. PLAZOS DE CONSERVACI\u00d3N<\/h4>\n\n\n\n<figure class=\"wp-block-table\"><table><tbody><tr><td>TRATAMIENTO DE DATOS RECABADOS A TRAV\u00c9S DE LA P\u00c1GINA WEB<\/td><\/tr><tr><td>Formularios de contacto<\/td><td>Sus datos de car\u00e1cter personal ser\u00e1n tratados durante el tiempo estrictamente necesario para atender a su solicitud.<\/td><\/tr><tr><td>Formulario de inscripci\u00f3n campus<\/td><td>Sus datos de car\u00e1cter personal ser\u00e1n conservados durante el tiempo estrictamente necesario para la gesti\u00f3n de su inscripci\u00f3n en el campus.<\/td><\/tr><tr><td>Formulario de inscripci\u00f3n socios<\/td><td>Formulario de inscripci\u00f3n socios Sus datos de car\u00e1cter personal ser\u00e1n tratados hasta que cancele su inscripci\u00f3n de socio del&nbsp;<strong>CLUB<\/strong>.<\/td><\/tr><tr><td>Informaci\u00f3n facilitada a trav\u00e9s de los correos electr\u00f3nicos puestos a disposici\u00f3n en la web<\/td><td>Una vez hayamos dado respuesta a su solicitud de informaci\u00f3n los datos ser\u00e1n guardados un m\u00e1ximo de 3 a\u00f1os como prueba ante posible ulteriores reclamaciones.<\/td><\/tr><tr><td>Candidaturas espont\u00e1neas<\/td><td>En virtud de la pol\u00edtica de conservaci\u00f3n delClub, sus datos de car\u00e1cter personal ser\u00e1n conservados durante el plazo m\u00e1ximo de&nbsp;<strong>UN A\u00d1O<\/strong>&nbsp;desde la recepci\u00f3n del curr\u00edculum vitae.<\/td><\/tr><tr><td>Env\u00edo y suscripci\u00f3n de Newsletter<\/td><td>Sus datos de car\u00e1cter personal ser\u00e1n conservados hasta que cancele su suscripci\u00f3n a la Newsletter o al Bolet\u00edn de noticias del&nbsp;<strong>CLUB<\/strong>.<\/td><\/tr><tr><td>Solicitud ropa deportiva<\/td><td>Sus datos de car\u00e1cter personal ser\u00e1n tratados durante el tiempo estrictamente necesario para atender a su solicitud de las prendas de ropa seleccionadas.<\/td><\/tr><tr><td>Parte de incidencias en instalaciones deportivas<\/td><td>Sus datos de car\u00e1cter personal ser\u00e1n tratados hasta que el Club recepcione y gestione correctamente el parte de incidencias enviado.<\/td><\/tr><\/tbody><\/table><\/figure>\n\n\n\n<figure class=\"wp-block-table\"><table><tbody><tr><td>OTROS TRATAMIENTOS DE DATOS<\/td><\/tr><tr><td>Exclusivo para contactos profesionales<\/td><td>Hasta que finalicen nuestras relaciones profesionales o decida cancelar u oponerse al tratamiento de sus datos de contacto.<\/td><\/tr><tr><td>Exclusivo para contactos a trav\u00e9s de redes sociales<\/td><td>Sus datos de car\u00e1cter personal se conservar\u00e1n durante el tiempo necesario para cumplir con la finalidad para la que se recabaron.<\/td><\/tr><tr><td>Exclusivo Sistemas de videovigilancia<\/td><td>Las grabaciones ser\u00e1n conservadas durante el plazo de&nbsp;<strong>UN MES<\/strong>&nbsp;desde su captaci\u00f3n de acuerdo con el art\u00edculo 22 de la Ley Org\u00e1nica 3\/2018, de 5 de diciembre, de Protecci\u00f3n de Datos Personales y garant\u00eda de los derechos digitales.<\/td><\/tr><\/tbody><\/table><\/figure>\n\n\n\n<h4 class=\"wp-block-heading\">5. Transferencias internacionales.<\/h4>\n\n\n\n<p><strong>EL CLUB<\/strong>&nbsp;no tiene previsto realizar transferencias internacionales de datos, es caso de ser necesarias, s\u00f3lo se realizar\u00e1n a entidades bajo la habilitaci\u00f3n del acuerdo EEUU-Uni\u00f3n Europea Privacy Shield (m\u00e1s informaci\u00f3n:&nbsp;<a href=\"https:\/\/www.privacyshield.gov\/welcome\" target=\"_blank\" rel=\"noreferrer noopener\">https:\/\/www.privacyshield.gov\/welcome<\/a>), a entidades que hayan demostrado que cumplen con el nivel de protecci\u00f3n y garant\u00edas de acuerdo con los par\u00e1metros y exigencias previstas en la normativa vigente en materia de protecci\u00f3n de datos, como el Reglamento Europeo, o cuando exista un habilitaci\u00f3n legal para realizar la transferencia internacional.<\/p>\n\n\n\n<h4 class=\"wp-block-heading\">6. \u00bfCu\u00e1les son sus derechos en relaci\u00f3n con el tratamiento de datos?<\/h4>\n\n\n\n<p>Usted como titular de datos tiene derecho a obtener confirmaci\u00f3n sobre la existencia de un tratamiento de sus datos, a acceder a sus datos personales, solicitar la rectificaci\u00f3n de los datos que sean inexactos o, en su caso, solicitar la supresi\u00f3n, cuando entre otros motivos, los datos ya no sean necesarios para los fines para los que fueron recogidos o usted como interesado retire el consentimiento otorgado.&nbsp;<strong>EL CLUB<\/strong>&nbsp;tratar\u00e1 y conservar\u00e1 sus datos de acuerdo con la normativa vigente, sin perjuicio de que como interesado pueda solicitar en todo caso, la limitaci\u00f3n del tratamiento de sus datos. En ciertos supuestos podr\u00e1 ejercitar su derecho a la portabilidad de los datos, que ser\u00e1n entregados en un formato estructurado, de uso com\u00fan o lectura mec\u00e1nica a usted o al nuevo responsable de tratamiento que designe.Tendr\u00e1 derecho a revocar en cualquier momento el consentimiento para cualquiera de los tratamientos para los que lo ha otorgado.Para ejercitar sus derechos comun\u00edquese con nosotros a trav\u00e9s de la direcci\u00f3n de correo electr\u00f3nico&nbsp;<a href=\"mailto:ipecharroman@lasallebilbao.com\">ipecharroman@lasallebilbao.com<\/a>.Disponemos de formularios para el ejercicio de todos los derechos anteriormente indicados, no obstante, tambi\u00e9n puede utilizar los elaborados por la Agencia Espa\u00f1ola de Protecci\u00f3n de Datos.Tendr\u00e1 derecho a presentar una reclamaci\u00f3n ante la Agencia Espa\u00f1ola de Protecci\u00f3n de Datos en el supuesto de que considere que no se ha atendido convenientemente el ejercicio de sus derechos.El plazo m\u00e1ximo para resolver ser\u00e1 el de un mes a contar desde la recepci\u00f3n de su solicitud.En el caso de producirse alguna modificaci\u00f3n de sus datos, le agradecemos nos lo comunique debidamente por escrito con la finalidad de mantener sus datos actualizados.<\/p>\n","protected":false},"excerpt":{"rendered":"<p>1. DATOS DEL RESPONSABLE DEL TRATAMIENTO DE LOS DATOS Nombre entidad: CLUB DEPORTIVO LA SALLE BILBAO (en adelante, EL CLUB)Direcci\u00f3n: Avda. Madariaga, 69, 48014, BilbaoTel\u00e9fono: 944470950Correo electr\u00f3nico:&nbsp;ipecharroman@lasallebilbao.com 2. TRATAMIENTOS DE DATOS RECABADOS A TRAV\u00c9S DE LA P\u00c1GINA WEB Los datos que&nbsp;EL CLUB&nbsp;pueda recopilar por el uso, navegaci\u00f3n de la p\u00e1gina web, a trav\u00e9s de nuestros [&hellip;]<\/p>\n","protected":false},"author":6,"featured_media":0,"parent":0,"menu_order":0,"comment_status":"closed","ping_status":"open","template":"","meta":{"footnotes":""},"class_list":["post-3","page","type-page","status-publish","hentry"],"publishpress_future_action":{"enabled":false,"date":"2026-05-22 21:18:40","action":"change-status","newStatus":"draft","terms":[],"taxonomy":"","extraData":[]},"publishpress_future_workflow_manual_trigger":{"enabledWorkflows":[]},"_links":{"self":[{"href":"https:\/\/lasallebilbao.com\/ropadeportiva\/wp-json\/wp\/v2\/pages\/3","targetHints":{"allow":["GET"]}}],"collection":[{"href":"https:\/\/lasallebilbao.com\/ropadeportiva\/wp-json\/wp\/v2\/pages"}],"about":[{"href":"https:\/\/lasallebilbao.com\/ropadeportiva\/wp-json\/wp\/v2\/types\/page"}],"author":[{"embeddable":true,"href":"https:\/\/lasallebilbao.com\/ropadeportiva\/wp-json\/wp\/v2\/users\/6"}],"replies":[{"embeddable":true,"href":"https:\/\/lasallebilbao.com\/ropadeportiva\/wp-json\/wp\/v2\/comments?post=3"}],"version-history":[{"count":0,"href":"https:\/\/lasallebilbao.com\/ropadeportiva\/wp-json\/wp\/v2\/pages\/3\/revisions"}],"wp:attachment":[{"href":"https:\/\/lasallebilbao.com\/ropadeportiva\/wp-json\/wp\/v2\/media?parent=3"}],"curies":[{"name":"wp","href":"https:\/\/api.w.org\/{rel}","templated":true}]}}