{"id":883,"date":"2020-12-16T10:01:14","date_gmt":"2020-12-16T09:01:14","guid":{"rendered":"https:\/\/lasallebilbao.com\/ropadeportiva\/?post_type=product&#038;p=883"},"modified":"2025-11-18T07:41:23","modified_gmt":"2025-11-18T06:41:23","slug":"pantalon-de-juego-futbol","status":"publish","type":"product","link":"https:\/\/lasallebilbao.com\/ropadeportiva\/tienda\/pantalon-de-juego-futbol\/","title":{"rendered":"Pantal\u00f3n de juego f\u00fatbol"},"content":{"rendered":"<p>Pantal\u00f3n corto azul con banda amarilla<\/p>\n","protected":false},"excerpt":{"rendered":"<p>Pantal\u00f3n corto azul con banda amarilla<\/p>\n","protected":false},"featured_media":1346,"template":"","meta":[],"product_brand":[],"product_cat":[83,100],"product_tag":[],"class_list":{"0":"post-883","1":"product","2":"type-product","3":"status-publish","4":"has-post-thumbnail","6":"product_cat-futbol","7":"product_cat-outlet","9":"first","10":"instock","11":"sale","12":"shipping-taxable","13":"purchasable","14":"product-type-variable"},"publishpress_future_workflow_manual_trigger":{"enabledWorkflows":[]},"_links":{"self":[{"href":"https:\/\/lasallebilbao.com\/ropadeportiva\/wp-json\/wp\/v2\/product\/883","targetHints":{"allow":["GET"]}}],"collection":[{"href":"https:\/\/lasallebilbao.com\/ropadeportiva\/wp-json\/wp\/v2\/product"}],"about":[{"href":"https:\/\/lasallebilbao.com\/ropadeportiva\/wp-json\/wp\/v2\/types\/product"}],"version-history":[{"count":1,"href":"https:\/\/lasallebilbao.com\/ropadeportiva\/wp-json\/wp\/v2\/product\/883\/revisions"}],"predecessor-version":[{"id":2863,"href":"https:\/\/lasallebilbao.com\/ropadeportiva\/wp-json\/wp\/v2\/product\/883\/revisions\/2863"}],"wp:featuredmedia":[{"embeddable":true,"href":"https:\/\/lasallebilbao.com\/ropadeportiva\/wp-json\/wp\/v2\/media\/1346"}],"wp:attachment":[{"href":"https:\/\/lasallebilbao.com\/ropadeportiva\/wp-json\/wp\/v2\/media?parent=883"}],"wp:term":[{"taxonomy":"product_brand","embeddable":true,"href":"https:\/\/lasallebilbao.com\/ropadeportiva\/wp-json\/wp\/v2\/product_brand?post=883"},{"taxonomy":"product_cat","embeddable":true,"href":"https:\/\/lasallebilbao.com\/ropadeportiva\/wp-json\/wp\/v2\/product_cat?post=883"},{"taxonomy":"product_tag","embeddable":true,"href":"https:\/\/lasallebilbao.com\/ropadeportiva\/wp-json\/wp\/v2\/product_tag?post=883"}],"curies":[{"name":"wp","href":"https:\/\/api.w.org\/{rel}","templated":true}]}}